{"id":3710,"date":"2022-07-07T08:12:45","date_gmt":"2022-07-07T06:12:45","guid":{"rendered":"https:\/\/new.hafner-ec.com\/servizi\/gestione-della-costruzione-e-chiavi-in-mano\/"},"modified":"2022-11-21T18:23:20","modified_gmt":"2022-11-21T17:23:20","slug":"gestione-della-costruzione-e-chiavi-in-mano","status":"publish","type":"page","link":"https:\/\/hafner-ec.com\/it\/servizi\/gestione-della-costruzione-e-chiavi-in-mano\/","title":{"rendered":"Chiavi in mano"},"content":{"rendered":"\t\t<div data-elementor-type=\"wp-page\" data-elementor-id=\"3710\" class=\"elementor elementor-3710 elementor-1773\" data-elementor-post-type=\"page\">\n\t\t\t\t\t\t<section class=\"elementor-section elementor-top-section elementor-element elementor-element-59081fe7 elementor-section-boxed elementor-section-height-default elementor-section-height-default\" data-id=\"59081fe7\" data-element_type=\"section\" data-e-type=\"section\">\n\t\t\t\t\t\t<div class=\"elementor-container elementor-column-gap-default\">\n\t\t\t\t\t<div class=\"elementor-column elementor-col-100 elementor-top-column elementor-element elementor-element-79c607d6\" data-id=\"79c607d6\" data-element_type=\"column\" data-e-type=\"column\">\n\t\t\t<div class=\"elementor-widget-wrap elementor-element-populated\">\n\t\t\t\t\t\t<div class=\"elementor-element elementor-element-5a853 elementor-widget elementor-widget-heading\" data-id=\"5a853\" data-element_type=\"widget\" data-e-type=\"widget\" data-widget_type=\"heading.default\">\n\t\t\t\t<div class=\"elementor-widget-container\">\n\t\t\t\t\t<h2 class=\"elementor-heading-title elementor-size-default\"><span class=\"first-word\">Tutti<\/span> i servizi di costruzione da un unico fornitore<\/span><\/h2>\t\t\t\t<\/div>\n\t\t\t\t<\/div>\n\t\t\t\t<div class=\"elementor-element elementor-element-640b1cf4 elementor-widget-mobile__width-inherit elementor-widget elementor-widget-heading\" data-id=\"640b1cf4\" data-element_type=\"widget\" data-e-type=\"widget\" data-widget_type=\"heading.default\">\n\t\t\t\t<div class=\"elementor-widget-container\">\n\t\t\t\t\t<h3 class=\"elementor-heading-title elementor-size-default\">HAFNER - Gestione della costruzione e chiavi in mano<\/h3>\t\t\t\t<\/div>\n\t\t\t\t<\/div>\n\t\t\t\t<section class=\"elementor-section elementor-inner-section elementor-element elementor-element-7d7bab0 elementor-section-boxed elementor-section-height-default elementor-section-height-default\" data-id=\"7d7bab0\" data-element_type=\"section\" data-e-type=\"section\">\n\t\t\t\t\t\t<div class=\"elementor-container elementor-column-gap-default\">\n\t\t\t\t\t<div class=\"elementor-column elementor-col-100 elementor-inner-column elementor-element elementor-element-f403b38\" data-id=\"f403b38\" data-element_type=\"column\" data-e-type=\"column\">\n\t\t\t<div class=\"elementor-widget-wrap elementor-element-populated\">\n\t\t\t\t\t\t<div class=\"elementor-element elementor-element-2ddec26e elementor-widget elementor-widget-text-editor\" data-id=\"2ddec26e\" data-element_type=\"widget\" data-e-type=\"widget\" data-widget_type=\"text-editor.default\">\n\t\t\t\t<div class=\"elementor-widget-container\">\n\t\t\t\t\t\t\t\t\t<p>HAFNER EC \u2013 Direzione dei lavori e formula chiavi in mano Ci occupiamo di ogni progetto come se fosse il nostro. Dalla prima idea alla consegna entro i termini concordati. Su richiesta, ci facciamo carico dell\u2019intera opera, coordinando i diversi artigiani, sbrigando le pratiche burocratiche, organizzando riunioni di progetto e molto altro. E naturalmente ci assumiamo anche la responsabilit\u00e0 di una piacevole atmosfera in cantiere, cui contribuiscono uno spuntino e un caff\u00e8 in compagnia.   <\/p>\n\t\t\t\t\t\t\t\t<\/div>\n\t\t\t\t<\/div>\n\t\t\t\t\t<\/div>\n\t\t<\/div>\n\t\t\t\t\t<\/div>\n\t\t<\/section>\n\t\t\t\t<section class=\"elementor-section elementor-inner-section elementor-element elementor-element-466a6f50 elementor-section-boxed elementor-section-height-default elementor-section-height-default\" data-id=\"466a6f50\" data-element_type=\"section\" data-e-type=\"section\">\n\t\t\t\t\t\t<div class=\"elementor-container elementor-column-gap-default\">\n\t\t\t\t\t<div class=\"elementor-column elementor-col-66 elementor-inner-column elementor-element elementor-element-3b7bc9e9\" data-id=\"3b7bc9e9\" data-element_type=\"column\" data-e-type=\"column\">\n\t\t\t<div class=\"elementor-widget-wrap elementor-element-populated\">\n\t\t\t\t\t\t<div class=\"elementor-element elementor-element-12504e4d elementor-widget elementor-widget-image\" data-id=\"12504e4d\" data-element_type=\"widget\" data-e-type=\"widget\" data-widget_type=\"image.default\">\n\t\t\t\t<div class=\"elementor-widget-container\">\n\t\t\t\t\t\t\t\t\t\t\t\t\t\t\t<img fetchpriority=\"high\" decoding=\"async\" width=\"665\" height=\"372\" src=\"https:\/\/hafner-ec.com\/wp-content\/uploads\/2022\/07\/Asset-1-100-2.webp\" class=\"attachment-full size-full wp-image-1670\" alt=\"Bauunternehmen S\u00fcdtirol - Baufirma Hafner Meran -\" title=\"| Bauunternehmen S\u00fcdtirol - Baufirma Hafner Meran -\">\t\t\t\t\t\t\t\t\t\t\t\t\t\t\t<\/div>\n\t\t\t\t<\/div>\n\t\t\t\t\t<\/div>\n\t\t<\/div>\n\t\t\t\t<div class=\"elementor-column elementor-col-33 elementor-inner-column elementor-element elementor-element-3115293f\" data-id=\"3115293f\" data-element_type=\"column\" data-e-type=\"column\">\n\t\t\t<div class=\"elementor-widget-wrap elementor-element-populated\">\n\t\t\t\t\t\t<div class=\"elementor-element elementor-element-223e1f56 elementor-widget elementor-widget-heading\" data-id=\"223e1f56\" data-element_type=\"widget\" data-e-type=\"widget\" data-widget_type=\"heading.default\">\n\t\t\t\t<div class=\"elementor-widget-container\">\n\t\t\t\t\t<h3 class=\"elementor-heading-title elementor-size-default\">La nostra formula per il successo: CPM<\/h3>\t\t\t\t<\/div>\n\t\t\t\t<\/div>\n\t\t\t\t<div class=\"elementor-element elementor-element-60b9a6ef elementor-widget elementor-widget-text-editor\" data-id=\"60b9a6ef\" data-element_type=\"widget\" data-e-type=\"widget\" data-widget_type=\"text-editor.default\">\n\t\t\t\t<div class=\"elementor-widget-container\">\n\t\t\t\t\t\t\t\t\t<p>CPM sta per Construction Project Management. Una sigla impegnativa, che evoca molte responsabilit\u00e0. E lo \u00e8. Ma per i committenti, una direzione dei lavori qualificata e un monitoraggio della qualit\u00e0 in corso d\u2019opera da parte di HAFNER EC hanno un valore inestimabile, che consente di risparmiare tempo prezioso, denaro e seccature. Chi non lo vorrebbe?    <\/p>\n\t\t\t\t\t\t\t\t<\/div>\n\t\t\t\t<\/div>\n\t\t\t\t\t<\/div>\n\t\t<\/div>\n\t\t\t\t\t<\/div>\n\t\t<\/section>\n\t\t\t\t<section class=\"elementor-section elementor-inner-section elementor-element elementor-element-32fea9dc elementor-reverse-mobile elementor-section-boxed elementor-section-height-default elementor-section-height-default\" data-id=\"32fea9dc\" data-element_type=\"section\" data-e-type=\"section\">\n\t\t\t\t\t\t<div class=\"elementor-container elementor-column-gap-default\">\n\t\t\t\t\t<div class=\"elementor-column elementor-col-33 elementor-inner-column elementor-element elementor-element-16978cdb\" data-id=\"16978cdb\" data-element_type=\"column\" data-e-type=\"column\">\n\t\t\t<div class=\"elementor-widget-wrap elementor-element-populated\">\n\t\t\t\t\t\t<div class=\"elementor-element elementor-element-85a8c6a elementor-widget elementor-widget-heading\" data-id=\"85a8c6a\" data-element_type=\"widget\" data-e-type=\"widget\" data-widget_type=\"heading.default\">\n\t\t\t\t<div class=\"elementor-widget-container\">\n\t\t\t\t\t<h3 class=\"elementor-heading-title elementor-size-default\">Un unico contatto per tutto<\/h3>\t\t\t\t<\/div>\n\t\t\t\t<\/div>\n\t\t\t\t<div class=\"elementor-element elementor-element-2070b00b elementor-widget elementor-widget-text-editor\" data-id=\"2070b00b\" data-element_type=\"widget\" data-e-type=\"widget\" data-widget_type=\"text-editor.default\">\n\t\t\t\t<div class=\"elementor-widget-container\">\n\t\t\t\t\t\t\t\t\t<p>Chi costruisce insieme a noi si affida a un solo interlocutore. I seccanti giri di telefonate per capire chi si occupa di cosa sono solo un lontano ricordo. Nessun rimpallo di responsabilit\u00e0. La nostra filosofia? Vogliamo offrire ai nostri clienti la comodit\u00e0 di poter parlare con un\u2019unica persona, perfettamente informata sull\u2019intero progetto.   <\/p>\n\t\t\t\t\t\t\t\t<\/div>\n\t\t\t\t<\/div>\n\t\t\t\t\t<\/div>\n\t\t<\/div>\n\t\t\t\t<div class=\"elementor-column elementor-col-66 elementor-inner-column elementor-element elementor-element-5af1b664\" data-id=\"5af1b664\" data-element_type=\"column\" data-e-type=\"column\">\n\t\t\t<div class=\"elementor-widget-wrap elementor-element-populated\">\n\t\t\t\t\t\t<div class=\"elementor-element elementor-element-371f4478 elementor-widget elementor-widget-image\" data-id=\"371f4478\" data-element_type=\"widget\" data-e-type=\"widget\" data-widget_type=\"image.default\">\n\t\t\t\t<div class=\"elementor-widget-container\">\n\t\t\t\t\t\t\t\t\t\t\t\t\t\t\t<img decoding=\"async\" width=\"666\" height=\"392\" src=\"https:\/\/hafner-ec.com\/wp-content\/uploads\/2022\/07\/Asset-5-100-2.webp\" class=\"attachment-full size-full wp-image-1678\" alt=\"Bauunternehmen S\u00fcdtirol - Baufirma Hafner Meran -\" title=\"| Bauunternehmen S\u00fcdtirol - Baufirma Hafner Meran -\">\t\t\t\t\t\t\t\t\t\t\t\t\t\t\t<\/div>\n\t\t\t\t<\/div>\n\t\t\t\t\t<\/div>\n\t\t<\/div>\n\t\t\t\t\t<\/div>\n\t\t<\/section>\n\t\t\t\t\t<\/div>\n\t\t<\/div>\n\t\t\t\t\t<\/div>\n\t\t<\/section>\n\t\t\t\t<section class=\"elementor-section elementor-top-section elementor-element elementor-element-2e6f5c4d elementor-section-boxed elementor-section-height-default elementor-section-height-default\" data-id=\"2e6f5c4d\" data-element_type=\"section\" data-e-type=\"section\">\n\t\t\t\t\t\t<div class=\"elementor-container elementor-column-gap-default\">\n\t\t\t\t\t<div class=\"elementor-column elementor-col-50 elementor-top-column elementor-element elementor-element-2bd625ef\" data-id=\"2bd625ef\" data-element_type=\"column\" data-e-type=\"column\" data-settings=\"{&quot;background_background&quot;:&quot;classic&quot;}\">\n\t\t\t<div class=\"elementor-widget-wrap elementor-element-populated\">\n\t\t\t\t\t\t<div class=\"elementor-element elementor-element-824d69b elementor-position-inline-start elementor-view-default elementor-mobile-position-block-start elementor-widget elementor-widget-icon-box\" data-id=\"824d69b\" data-element_type=\"widget\" data-e-type=\"widget\" data-widget_type=\"icon-box.default\">\n\t\t\t\t<div class=\"elementor-widget-container\">\n\t\t\t\t\t\t\t<div class=\"elementor-icon-box-wrapper\">\n\n\t\t\t\t\t\t<div class=\"elementor-icon-box-icon\">\n\t\t\t\t<span  class=\"elementor-icon\">\n\t\t\t\t<svg xmlns=\"http:\/\/www.w3.org\/2000\/svg\" viewBox=\"0 0 62.66 77.48\"><defs><style>.a{fill:#dac708;}<\/style><\/defs><path class=\"a\" d=\"M62.38,41V17.05c0-4.38,1-10.29-2.13-13.88-3.38-3.92-9-3-13.62-3H23c-4.7,0-9.53-.33-14.21,0C2,.62,0,5.91,0,11.77v42a1.66,1.66,0,0,0,0,.33c.64,5.56,4.58,8.3,10,8.41,5.75.11,11.5,0,17.25,0h3.44c1.45,1,2.76,2.84,4,4L45.28,77.13a1.26,1.26,0,0,0,2.13-.88V62.53c6.06.07,13.41.32,14.83-7.23C63.09,50.75,62.38,45.55,62.38,41Zm-2.5-28.38V51.16c0,3,0,6.21-3.09,8C54,60.8,49.22,60,46.16,60a1.26,1.26,0,0,0-1.25,1.25v12l-6.75-6.75c-1.89-1.89-4.38-5.68-7-6.45-6.91-2-27.61,5.1-28.63-6.24V21.72c0-4.17-.42-8.57,0-12.72.75-7.43,7.92-6.35,13.25-6.35,12.14,0,24.45-.64,36.57,0,4,.21,7.07,1.76,7.56,6.23A35.13,35.13,0,0,1,59.88,12.58Z\"><\/path><path class=\"a\" d=\"M35.21,14.21a.61.61,0,0,0-.37-.13h-7.3a.64.64,0,0,0-.63.63q.16,9.25.32,18.51c0,.88,0,1.77.05,2.66a.62.62,0,0,0,.62.62h6.46a.63.63,0,0,0,.62-.62q.21-9.26.43-18.51l.06-2.66A.57.57,0,0,0,35.21,14.21Z\"><\/path><path class=\"a\" d=\"M34.77,40.68l0,0a.56.56,0,0,0-.4-.15H28a.63.63,0,0,0-.62.62V48a.64.64,0,0,0,.62.62h6.36A.64.64,0,0,0,35,48V41.12a.58.58,0,0,0-.16-.4Z\"><\/path><\/svg>\t\t\t\t<\/span>\n\t\t\t<\/div>\n\t\t\t\n\t\t\t\t\t\t<div class=\"elementor-icon-box-content\">\n\n\t\t\t\t\t\t\t\t\t<h3 class=\"elementor-icon-box-title\">\n\t\t\t\t\t\t<span  >\n\t\t\t\t\t\t\tI compiti dei nostri gestori del sito\t\t\t\t\t\t<\/span>\n\t\t\t\t\t<\/h3>\n\t\t\t\t\n\t\t\t\t\t\t\t\t\t<p class=\"elementor-icon-box-description\">\n\t\t\t\t\t\t&gt; &gt; Organizzazione di progetti e cantieri <br>\n&gt; &gt; Coordinamento delle imprese artigiane <br>\n&gt; &gt; Pianificazione delle tempistiche <br>\n&gt; &gt; Pratiche burocratiche e collaudo\t\t\t\t\t<\/p>\n\t\t\t\t\n\t\t\t<\/div>\n\t\t\t\n\t\t<\/div>\n\t\t\t\t\t\t<\/div>\n\t\t\t\t<\/div>\n\t\t\t\t\t<\/div>\n\t\t<\/div>\n\t\t\t\t<div class=\"elementor-column elementor-col-50 elementor-top-column elementor-element elementor-element-50888bd5\" data-id=\"50888bd5\" data-element_type=\"column\" data-e-type=\"column\" data-settings=\"{&quot;background_background&quot;:&quot;classic&quot;}\">\n\t\t\t<div class=\"elementor-widget-wrap elementor-element-populated\">\n\t\t\t\t\t\t<div class=\"elementor-element elementor-element-e16f47b elementor-position-inline-start elementor-view-default elementor-mobile-position-block-start elementor-widget elementor-widget-icon-box\" data-id=\"e16f47b\" data-element_type=\"widget\" data-e-type=\"widget\" data-widget_type=\"icon-box.default\">\n\t\t\t\t<div class=\"elementor-widget-container\">\n\t\t\t\t\t\t\t<div class=\"elementor-icon-box-wrapper\">\n\n\t\t\t\t\t\t<div class=\"elementor-icon-box-icon\">\n\t\t\t\t<span  class=\"elementor-icon\">\n\t\t\t\t<svg xmlns=\"http:\/\/www.w3.org\/2000\/svg\" viewBox=\"0 0 62.66 77.48\"><defs><style>.a{fill:#dac708;}<\/style><\/defs><path class=\"a\" d=\"M62.38,41V17.05c0-4.38,1-10.29-2.13-13.88-3.38-3.92-9-3-13.62-3H23c-4.7,0-9.53-.33-14.21,0C2,.62,0,5.91,0,11.77v42a1.66,1.66,0,0,0,0,.33c.64,5.56,4.58,8.3,10,8.41,5.75.11,11.5,0,17.25,0h3.44c1.45,1,2.76,2.84,4,4L45.28,77.13a1.26,1.26,0,0,0,2.13-.88V62.53c6.06.07,13.41.32,14.83-7.23C63.09,50.75,62.38,45.55,62.38,41Zm-2.5-28.38V51.16c0,3,0,6.21-3.09,8C54,60.8,49.22,60,46.16,60a1.26,1.26,0,0,0-1.25,1.25v12l-6.75-6.75c-1.89-1.89-4.38-5.68-7-6.45-6.91-2-27.61,5.1-28.63-6.24V21.72c0-4.17-.42-8.57,0-12.72.75-7.43,7.92-6.35,13.25-6.35,12.14,0,24.45-.64,36.56,0,4,.21,7.08,1.76,7.57,6.23A35.13,35.13,0,0,1,59.88,12.58Z\"><\/path><path class=\"a\" d=\"M42.5,19.62c-.87-3.85-4.49-5.27-8.06-5.57s-8.07-.38-11.35,1.35c-3.58,1.9-3.51,5.75-3.6,9.31a.63.63,0,0,0,.63.62h6.57a.63.63,0,0,0,.63-.62c-.07-1.15-.34-3,.84-3.67s3.1-.58,4.43-.47c1.52.12,2.3.53,2.49,2.13.15,1.2.17,2.79-.92,3.56-2.09,1.46-4.87,1.91-6.69,3.79-1.65,1.71-1.6,4.64-1.52,6.84a.64.64,0,0,0,.62.63h6.65a.56.56,0,0,0,.4-.16l0,0,0,0a.58.58,0,0,0,.16-.4,4.6,4.6,0,0,1,.44-2.62c.56-.77,1.87-1.15,2.7-1.53a11.5,11.5,0,0,0,4-2.58C43.4,27.47,43.24,22.92,42.5,19.62Z\"><\/path><path class=\"a\" d=\"M33.44,40.81l0,0a.53.53,0,0,0-.39-.15H26.65a.63.63,0,0,0-.63.62V48.1a.63.63,0,0,0,.63.62H33a.63.63,0,0,0,.62-.62V41.25a.58.58,0,0,0-.15-.39Z\"><\/path><\/svg>\t\t\t\t<\/span>\n\t\t\t<\/div>\n\t\t\t\n\t\t\t\t\t\t<div class=\"elementor-icon-box-content\">\n\n\t\t\t\t\t\t\t\t\t<h3 class=\"elementor-icon-box-title\">\n\t\t\t\t\t\t<span  >\n\t\t\t\t\t\t\tI vantaggi della formula chiavi in mano\t\t\t\t\t\t<\/span>\n\t\t\t\t\t<\/h3>\n\t\t\t\t\n\t\t\t\t\t\t\t\t\t<p class=\"elementor-icon-box-description\">\n\t\t\t\t\t\t&gt; Prezzo fisso  <br>\n&gt; Un unico interlocutore <br>\n&gt; Garanzia delle tempistiche <br>\n&gt; Monitoraggio della qualit\u00e0 <br>\t\t\t\t\t<\/p>\n\t\t\t\t\n\t\t\t<\/div>\n\t\t\t\n\t\t<\/div>\n\t\t\t\t\t\t<\/div>\n\t\t\t\t<\/div>\n\t\t\t\t\t<\/div>\n\t\t<\/div>\n\t\t\t\t\t<\/div>\n\t\t<\/section>\n\t\t\t\t<section class=\"elementor-section elementor-top-section elementor-element elementor-element-359c3a37 elementor-section-boxed elementor-section-height-default elementor-section-height-default\" data-id=\"359c3a37\" data-element_type=\"section\" data-e-type=\"section\">\n\t\t\t\t\t\t<div class=\"elementor-container elementor-column-gap-default\">\n\t\t\t\t\t<div class=\"elementor-column elementor-col-100 elementor-top-column elementor-element elementor-element-d0069ea\" data-id=\"d0069ea\" data-element_type=\"column\" data-e-type=\"column\">\n\t\t\t<div class=\"elementor-widget-wrap elementor-element-populated\">\n\t\t\t\t\t\t<section class=\"elementor-section elementor-inner-section elementor-element elementor-element-1b78606 elementor-section-boxed elementor-section-height-default elementor-section-height-default\" data-id=\"1b78606\" data-element_type=\"section\" data-e-type=\"section\">\n\t\t\t\t\t\t<div class=\"elementor-container elementor-column-gap-default\">\n\t\t\t\t\t<div class=\"elementor-column elementor-col-100 elementor-inner-column elementor-element elementor-element-f34e337\" data-id=\"f34e337\" data-element_type=\"column\" data-e-type=\"column\">\n\t\t\t<div class=\"elementor-widget-wrap elementor-element-populated\">\n\t\t\t\t\t\t<div class=\"elementor-element elementor-element-4a994fc elementor-widget elementor-widget-heading\" data-id=\"4a994fc\" data-element_type=\"widget\" data-e-type=\"widget\" data-widget_type=\"heading.default\">\n\t\t\t\t<div class=\"elementor-widget-container\">\n\t\t\t\t\t<h3 class=\"elementor-heading-title elementor-size-default\">Per noi, chiavi in mano significa abitabile<\/h3>\t\t\t\t<\/div>\n\t\t\t\t<\/div>\n\t\t\t\t<div class=\"elementor-element elementor-element-fa48c04 elementor-widget elementor-widget-text-editor\" data-id=\"fa48c04\" data-element_type=\"widget\" data-e-type=\"widget\" data-widget_type=\"text-editor.default\">\n\t\t\t\t<div class=\"elementor-widget-container\">\n\t\t\t\t\t\t\t\t\t<p>Il momento pi\u00f9 bello per la nostra azienda? La consegna delle chiavi della nuova casa al cliente. Pronta e pulita. In qualit\u00e0 di impresa generale, organizziamo l\u2019intera opera, dal progetto al termine dei lavori. A costi fissi ed entro un termine vincolante. Affinch\u00e9 il nostro cliente abbia la certezza di poter entrare nella casa dei suoi sogni. Senza stress.     <\/p>\n\t\t\t\t\t\t\t\t<\/div>\n\t\t\t\t<\/div>\n\t\t\t\t\t<\/div>\n\t\t<\/div>\n\t\t\t\t\t<\/div>\n\t\t<\/section>\n\t\t\t\t\t<\/div>\n\t\t<\/div>\n\t\t\t\t\t<\/div>\n\t\t<\/section>\n\t\t\t\t<section class=\"elementor-section elementor-top-section elementor-element elementor-element-80f8774 elementor-section-boxed elementor-section-height-default elementor-section-height-default\" data-id=\"80f8774\" data-element_type=\"section\" data-e-type=\"section\">\n\t\t\t\t\t\t<div class=\"elementor-container elementor-column-gap-default\">\n\t\t\t\t\t<div class=\"elementor-column elementor-col-100 elementor-top-column elementor-element elementor-element-8c825eb\" data-id=\"8c825eb\" data-element_type=\"column\" data-e-type=\"column\">\n\t\t\t<div class=\"elementor-widget-wrap elementor-element-populated\">\n\t\t\t\t\t\t<div class=\"elementor-element elementor-element-59ffe0a elementor-widget elementor-widget-heading\" data-id=\"59ffe0a\" data-element_type=\"widget\" data-e-type=\"widget\" data-widget_type=\"heading.default\">\n\t\t\t\t<div class=\"elementor-widget-container\">\n\t\t\t\t\t<h2 class=\"elementor-heading-title elementor-size-default\"><span class=\"first-word\">Volete<\/span> tenere tutto sotto controllo e affidarvi a<\/h2>\t\t\t\t<\/div>\n\t\t\t\t<\/div>\n\t\t\t\t<div class=\"elementor-element elementor-element-8d2998a elementor-widget elementor-widget-heading\" data-id=\"8d2998a\" data-element_type=\"widget\" data-e-type=\"widget\" data-widget_type=\"heading.default\">\n\t\t\t\t<div class=\"elementor-widget-container\">\n\t\t\t\t\t<h3 class=\"elementor-heading-title elementor-size-default\">e da un'unica fonte?<\/h3>\t\t\t\t<\/div>\n\t\t\t\t<\/div>\n\t\t\t\t\t<\/div>\n\t\t<\/div>\n\t\t\t\t\t<\/div>\n\t\t<\/section>\n\t\t\t\t<\/div>\n\t\t","protected":false},"excerpt":{"rendered":"<p>Tutti i servizi di costruzione da un unico fornitore HAFNER &#8211; Gestione della costruzione e chiavi in mano HAFNER EC \u2013 Direzione dei lavori e formula chiavi in mano Ci occupiamo di ogni progetto come se fosse il nostro. Dalla prima idea alla consegna entro i termini concordati. Su richiesta, ci facciamo carico dell\u2019intera opera, [&hellip;]<\/p>\n","protected":false},"author":1,"featured_media":0,"parent":3698,"menu_order":1,"comment_status":"closed","ping_status":"closed","template":"","meta":{"footnotes":""},"class_list":["post-3710","page","type-page","status-publish","hentry"],"_links":{"self":[{"href":"https:\/\/hafner-ec.com\/it\/wp-json\/wp\/v2\/pages\/3710","targetHints":{"allow":["GET"]}}],"collection":[{"href":"https:\/\/hafner-ec.com\/it\/wp-json\/wp\/v2\/pages"}],"about":[{"href":"https:\/\/hafner-ec.com\/it\/wp-json\/wp\/v2\/types\/page"}],"author":[{"embeddable":true,"href":"https:\/\/hafner-ec.com\/it\/wp-json\/wp\/v2\/users\/1"}],"replies":[{"embeddable":true,"href":"https:\/\/hafner-ec.com\/it\/wp-json\/wp\/v2\/comments?post=3710"}],"version-history":[{"count":0,"href":"https:\/\/hafner-ec.com\/it\/wp-json\/wp\/v2\/pages\/3710\/revisions"}],"up":[{"embeddable":true,"href":"https:\/\/hafner-ec.com\/it\/wp-json\/wp\/v2\/pages\/3698"}],"wp:attachment":[{"href":"https:\/\/hafner-ec.com\/it\/wp-json\/wp\/v2\/media?parent=3710"}],"curies":[{"name":"wp","href":"https:\/\/api.w.org\/{rel}","templated":true}]}}