{"id":3749,"date":"2022-07-18T16:20:18","date_gmt":"2022-07-18T14:20:18","guid":{"rendered":"https:\/\/new.hafner-ec.com\/servizi\/pianificazione-e-sviluppo-di-progetto\/"},"modified":"2022-11-21T18:23:41","modified_gmt":"2022-11-21T17:23:41","slug":"pianificazione-e-sviluppo-di-progetto","status":"publish","type":"page","link":"https:\/\/hafner-ec.com\/it\/servizi\/pianificazione-e-sviluppo-di-progetto\/","title":{"rendered":"Pianificazione e sviluppo di progetto"},"content":{"rendered":"\t\t<div data-elementor-type=\"wp-page\" data-elementor-id=\"3749\" class=\"elementor elementor-3749 elementor-2819\" data-elementor-post-type=\"page\">\n\t\t\t\t\t\t<section class=\"elementor-section elementor-top-section elementor-element elementor-element-37933d71 elementor-section-boxed elementor-section-height-default elementor-section-height-default\" data-id=\"37933d71\" data-element_type=\"section\" data-e-type=\"section\">\n\t\t\t\t\t\t<div class=\"elementor-container elementor-column-gap-default\">\n\t\t\t\t\t<div class=\"elementor-column elementor-col-100 elementor-top-column elementor-element elementor-element-195b5c1\" data-id=\"195b5c1\" data-element_type=\"column\" data-e-type=\"column\">\n\t\t\t<div class=\"elementor-widget-wrap elementor-element-populated\">\n\t\t\t\t\t\t<div class=\"elementor-element elementor-element-256169ba elementor-widget elementor-widget-heading\" data-id=\"256169ba\" data-element_type=\"widget\" data-e-type=\"widget\" data-widget_type=\"heading.default\">\n\t\t\t\t<div class=\"elementor-widget-container\">\n\t\t\t\t\t<h2 class=\"elementor-heading-title elementor-size-default\">\n          <span style=\"font-size: 40px\"><span class=\"first-word\">Chi<\/span> ben progetta \u00e8 a met\u00e0 dell'opera<\/span>\n        <\/h2>\t\t\t\t<\/div>\n\t\t\t\t<\/div>\n\t\t\t\t<div class=\"elementor-element elementor-element-3af42ba6 elementor-widget-mobile__width-inherit elementor-widget elementor-widget-heading\" data-id=\"3af42ba6\" data-element_type=\"widget\" data-e-type=\"widget\" data-widget_type=\"heading.default\">\n\t\t\t\t<div class=\"elementor-widget-container\">\n\t\t\t\t\t<h3 class=\"elementor-heading-title elementor-size-default\">HAFNER EC - Pianificazione e sviluppo di progetti<\/h3>\t\t\t\t<\/div>\n\t\t\t\t<\/div>\n\t\t\t\t<div class=\"elementor-element elementor-element-5faca2c elementor-widget elementor-widget-text-editor\" data-id=\"5faca2c\" data-element_type=\"widget\" data-e-type=\"widget\" data-widget_type=\"text-editor.default\">\n\t\t\t\t<div class=\"elementor-widget-container\">\n\t\t\t\t\t\t\t\t\t<p>Una buona architettura pu\u00f2 essere creata solo in dialogo con il cliente. Quali sono le esigenze della nuova casa? Quanto \u00e8 grande lo spazio richiesto? La casa deve essere espandibile o divisibile in un secondo momento? \u00c8 necessario un ufficio o un&#8217;area di lavoro separata? HAFNER EC pone ai costruttori esattamente le domande giuste in questa prima importante fase di progettazione, entra in empatia, pensa insieme a loro, ascolta attentamente. Perch\u00e9 solo quando si definiscono chiaramente i desideri e gli obiettivi si garantisce che l&#8217;oggetto progettato sia davvero adatto al cliente.<\/p>\n\t\t\t\t\t\t\t\t<\/div>\n\t\t\t\t<\/div>\n\t\t\t\t<section class=\"elementor-section elementor-inner-section elementor-element elementor-element-aed1044 elementor-section-boxed elementor-section-height-default elementor-section-height-default\" data-id=\"aed1044\" data-element_type=\"section\" data-e-type=\"section\">\n\t\t\t\t\t\t<div class=\"elementor-container elementor-column-gap-default\">\n\t\t\t\t\t<div class=\"elementor-column elementor-col-100 elementor-inner-column elementor-element elementor-element-44b9931\" data-id=\"44b9931\" data-element_type=\"column\" data-e-type=\"column\">\n\t\t\t<div class=\"elementor-widget-wrap elementor-element-populated\">\n\t\t\t\t\t\t<div class=\"elementor-element elementor-element-706a706 elementor-widget elementor-widget-heading\" data-id=\"706a706\" data-element_type=\"widget\" data-e-type=\"widget\" data-widget_type=\"heading.default\">\n\t\t\t\t<div class=\"elementor-widget-container\">\n\t\t\t\t\t<h2 class=\"elementor-heading-title elementor-size-default\"><span class=\"first-word\">Tre<\/span> vie per la casa dei sogni<\/h2>\t\t\t\t<\/div>\n\t\t\t\t<\/div>\n\t\t\t\t\t<\/div>\n\t\t<\/div>\n\t\t\t\t\t<\/div>\n\t\t<\/section>\n\t\t\t\t<section class=\"elementor-section elementor-inner-section elementor-element elementor-element-5ea873ac elementor-section-boxed elementor-section-height-default elementor-section-height-default\" data-id=\"5ea873ac\" data-element_type=\"section\" data-e-type=\"section\">\n\t\t\t\t\t\t<div class=\"elementor-container elementor-column-gap-default\">\n\t\t\t\t\t<div class=\"elementor-column elementor-col-66 elementor-inner-column elementor-element elementor-element-68f12aaf\" data-id=\"68f12aaf\" data-element_type=\"column\" data-e-type=\"column\">\n\t\t\t<div class=\"elementor-widget-wrap elementor-element-populated\">\n\t\t\t\t\t\t<div class=\"elementor-element elementor-element-44ad202f elementor-widget elementor-widget-image\" data-id=\"44ad202f\" data-element_type=\"widget\" data-e-type=\"widget\" data-widget_type=\"image.default\">\n\t\t\t\t<div class=\"elementor-widget-container\">\n\t\t\t\t\t\t\t\t\t\t\t\t\t\t\t<img fetchpriority=\"high\" decoding=\"async\" width=\"1200\" height=\"800\" src=\"https:\/\/hafner-ec.com\/wp-content\/uploads\/2022\/07\/Hafner-Baufirma-Meran-Hafner-Bautraeger-Immobilien-Wohnung-Kaltern-1-1-1200.webp\" class=\"attachment-full size-full wp-image-2552\" alt=\"Bauunternehmen S\u00fcdtirol - Baufirma Hafner Meran -\" srcset=\"https:\/\/hafner-ec.com\/wp-content\/uploads\/2022\/07\/Hafner-Baufirma-Meran-Hafner-Bautraeger-Immobilien-Wohnung-Kaltern-1-1-1200.webp 1200w, https:\/\/hafner-ec.com\/wp-content\/uploads\/2022\/07\/Hafner-Baufirma-Meran-Hafner-Bautraeger-Immobilien-Wohnung-Kaltern-1-1-1200-400x267.webp 400w, https:\/\/hafner-ec.com\/wp-content\/uploads\/2022\/07\/Hafner-Baufirma-Meran-Hafner-Bautraeger-Immobilien-Wohnung-Kaltern-1-1-1200-1024x683.webp 1024w, https:\/\/hafner-ec.com\/wp-content\/uploads\/2022\/07\/Hafner-Baufirma-Meran-Hafner-Bautraeger-Immobilien-Wohnung-Kaltern-1-1-1200-768x512.webp 768w\" sizes=\"(max-width: 1200px) 100vw, 1200px\" title=\"| Bauunternehmen S\u00fcdtirol - Baufirma Hafner Meran -\">\t\t\t\t\t\t\t\t\t\t\t\t\t\t\t<\/div>\n\t\t\t\t<\/div>\n\t\t\t\t\t<\/div>\n\t\t<\/div>\n\t\t\t\t<div class=\"elementor-column elementor-col-33 elementor-inner-column elementor-element elementor-element-2e83670b\" data-id=\"2e83670b\" data-element_type=\"column\" data-e-type=\"column\">\n\t\t\t<div class=\"elementor-widget-wrap elementor-element-populated\">\n\t\t\t\t\t\t<div class=\"elementor-element elementor-element-44499 elementor-widget elementor-widget-heading\" data-id=\"44499\" data-element_type=\"widget\" data-e-type=\"widget\" data-widget_type=\"heading.default\">\n\t\t\t\t<div class=\"elementor-widget-container\">\n\t\t\t\t\t<h3 class=\"elementor-heading-title elementor-size-default\">1. piano con HAFNER EC<\/h3>\t\t\t\t<\/div>\n\t\t\t\t<\/div>\n\t\t\t\t<div class=\"elementor-element elementor-element-13889572 elementor-widget elementor-widget-text-editor\" data-id=\"13889572\" data-element_type=\"widget\" data-e-type=\"widget\" data-widget_type=\"text-editor.default\">\n\t\t\t\t<div class=\"elementor-widget-container\">\n\t\t\t\t\t\t\t\t\t<p>Non avete ancora un&#8217;idea della casa che desiderate? Se non c&#8217;\u00e8 un piano, ci mettiamo a lavorare sul progetto insieme, passo dopo passo, secondo una procedura chiaramente strutturata:<br \/>&gt;  Raccolta di idee<br \/>&gt;  Prima proposta di pianificazione  <br \/>&gt;  Sviluppo del progetto tenendo conto del budget disponibile<br \/>&gt;  Visualizzazione 3D per una migliore comprensione<br \/>&gt;  Costi effettivi<br \/>&gt;  Pianificazione dettagliata e campionamento<br \/>&gt;  Versione<\/p>\n\t\t\t\t\t\t\t\t<\/div>\n\t\t\t\t<\/div>\n\t\t\t\t\t<\/div>\n\t\t<\/div>\n\t\t\t\t\t<\/div>\n\t\t<\/section>\n\t\t\t\t<section class=\"elementor-section elementor-inner-section elementor-element elementor-element-717f74b elementor-reverse-mobile elementor-section-boxed elementor-section-height-default elementor-section-height-default\" data-id=\"717f74b\" data-element_type=\"section\" data-e-type=\"section\">\n\t\t\t\t\t\t<div class=\"elementor-container elementor-column-gap-default\">\n\t\t\t\t\t<div class=\"elementor-column elementor-col-33 elementor-inner-column elementor-element elementor-element-103b08a1\" data-id=\"103b08a1\" data-element_type=\"column\" data-e-type=\"column\">\n\t\t\t<div class=\"elementor-widget-wrap elementor-element-populated\">\n\t\t\t\t\t\t<div class=\"elementor-element elementor-element-29fdabc6 elementor-widget elementor-widget-heading\" data-id=\"29fdabc6\" data-element_type=\"widget\" data-e-type=\"widget\" data-widget_type=\"heading.default\">\n\t\t\t\t<div class=\"elementor-widget-container\">\n\t\t\t\t\t<h3 class=\"elementor-heading-title elementor-size-default\">2. progettare con un architetto di propria scelta<\/h3>\t\t\t\t<\/div>\n\t\t\t\t<\/div>\n\t\t\t\t<div class=\"elementor-element elementor-element-57833662 elementor-widget elementor-widget-text-editor\" data-id=\"57833662\" data-element_type=\"widget\" data-e-type=\"widget\" data-widget_type=\"text-editor.default\">\n\t\t\t\t<div class=\"elementor-widget-container\">\n\t\t\t\t\t\t\t\t\t<p>La progettazione della casa deve essere affidata a un architetto in particolare? Siamo lieti di raccomandarci come partner competente per l&#8217;edilizia e ci auguriamo un buon lavoro di squadra. Il progetto sviluppato viene campionato, calcolato ed eseguito.<\/p>\n\t\t\t\t\t\t\t\t<\/div>\n\t\t\t\t<\/div>\n\t\t\t\t\t<\/div>\n\t\t<\/div>\n\t\t\t\t<div class=\"elementor-column elementor-col-66 elementor-inner-column elementor-element elementor-element-213ba51e\" data-id=\"213ba51e\" data-element_type=\"column\" data-e-type=\"column\">\n\t\t\t<div class=\"elementor-widget-wrap elementor-element-populated\">\n\t\t\t\t\t\t<div class=\"elementor-element elementor-element-5ad93bef elementor-widget elementor-widget-image\" data-id=\"5ad93bef\" data-element_type=\"widget\" data-e-type=\"widget\" data-widget_type=\"image.default\">\n\t\t\t\t<div class=\"elementor-widget-container\">\n\t\t\t\t\t\t\t\t\t\t\t\t\t\t\t<img decoding=\"async\" width=\"1000\" height=\"664\" src=\"https:\/\/hafner-ec.com\/wp-content\/uploads\/2022\/08\/Amadeus-Immobilien-Suedtirol-RGF_3820-1000.webp\" class=\"attachment-full size-full wp-image-3218\" alt=\"Bauunternehmen S\u00fcdtirol - Baufirma Hafner Meran -\" srcset=\"https:\/\/hafner-ec.com\/wp-content\/uploads\/2022\/08\/Amadeus-Immobilien-Suedtirol-RGF_3820-1000.webp 1000w, https:\/\/hafner-ec.com\/wp-content\/uploads\/2022\/08\/Amadeus-Immobilien-Suedtirol-RGF_3820-1000-400x266.webp 400w, https:\/\/hafner-ec.com\/wp-content\/uploads\/2022\/08\/Amadeus-Immobilien-Suedtirol-RGF_3820-1000-768x510.webp 768w\" sizes=\"(max-width: 1000px) 100vw, 1000px\" title=\"| Bauunternehmen S\u00fcdtirol - Baufirma Hafner Meran -\">\t\t\t\t\t\t\t\t\t\t\t\t\t\t\t<\/div>\n\t\t\t\t<\/div>\n\t\t\t\t\t<\/div>\n\t\t<\/div>\n\t\t\t\t\t<\/div>\n\t\t<\/section>\n\t\t\t\t<section class=\"elementor-section elementor-inner-section elementor-element elementor-element-130c714 elementor-section-boxed elementor-section-height-default elementor-section-height-default\" data-id=\"130c714\" data-element_type=\"section\" data-e-type=\"section\">\n\t\t\t\t\t\t<div class=\"elementor-container elementor-column-gap-default\">\n\t\t\t\t\t<div class=\"elementor-column elementor-col-66 elementor-inner-column elementor-element elementor-element-0851093\" data-id=\"0851093\" data-element_type=\"column\" data-e-type=\"column\">\n\t\t\t<div class=\"elementor-widget-wrap elementor-element-populated\">\n\t\t\t\t\t\t<div class=\"elementor-element elementor-element-a927656 elementor-widget elementor-widget-image\" data-id=\"a927656\" data-element_type=\"widget\" data-e-type=\"widget\" data-widget_type=\"image.default\">\n\t\t\t\t<div class=\"elementor-widget-container\">\n\t\t\t\t\t\t\t\t\t\t\t\t\t\t\t<img decoding=\"async\" width=\"1200\" height=\"800\" src=\"https:\/\/hafner-ec.com\/wp-content\/uploads\/2022\/07\/Hafner-Baufirma-Meran-Haus-M-Meran-3-1200.webp\" class=\"attachment-full size-full wp-image-2464\" alt=\"Bauunternehmen S\u00fcdtirol - Baufirma Hafner Meran -\" srcset=\"https:\/\/hafner-ec.com\/wp-content\/uploads\/2022\/07\/Hafner-Baufirma-Meran-Haus-M-Meran-3-1200.webp 1200w, https:\/\/hafner-ec.com\/wp-content\/uploads\/2022\/07\/Hafner-Baufirma-Meran-Haus-M-Meran-3-1200-400x267.webp 400w, https:\/\/hafner-ec.com\/wp-content\/uploads\/2022\/07\/Hafner-Baufirma-Meran-Haus-M-Meran-3-1200-1024x683.webp 1024w, https:\/\/hafner-ec.com\/wp-content\/uploads\/2022\/07\/Hafner-Baufirma-Meran-Haus-M-Meran-3-1200-768x512.webp 768w\" sizes=\"(max-width: 1200px) 100vw, 1200px\" title=\"| Bauunternehmen S\u00fcdtirol - Baufirma Hafner Meran -\">\t\t\t\t\t\t\t\t\t\t\t\t\t\t\t<\/div>\n\t\t\t\t<\/div>\n\t\t\t\t\t<\/div>\n\t\t<\/div>\n\t\t\t\t<div class=\"elementor-column elementor-col-33 elementor-inner-column elementor-element elementor-element-8f96fc5\" data-id=\"8f96fc5\" data-element_type=\"column\" data-e-type=\"column\">\n\t\t\t<div class=\"elementor-widget-wrap elementor-element-populated\">\n\t\t\t\t\t\t<div class=\"elementor-element elementor-element-14b0dc8 elementor-widget elementor-widget-heading\" data-id=\"14b0dc8\" data-element_type=\"widget\" data-e-type=\"widget\" data-widget_type=\"heading.default\">\n\t\t\t\t<div class=\"elementor-widget-container\">\n\t\t\t\t\t<h3 class=\"elementor-heading-title elementor-size-default\">3. venire da noi con un progetto finito<\/h3>\t\t\t\t<\/div>\n\t\t\t\t<\/div>\n\t\t\t\t<div class=\"elementor-element elementor-element-a6c16f0 elementor-widget elementor-widget-text-editor\" data-id=\"a6c16f0\" data-element_type=\"widget\" data-e-type=\"widget\" data-widget_type=\"text-editor.default\">\n\t\t\t\t<div class=\"elementor-widget-container\">\n\t\t\t\t\t\t\t\t\t<p>Il progetto \u00e8 pronto, approvato e aspetta solo di essere lanciato? Dopo un preventivo ben fondato, un&#8217;attenta pianificazione dettagliata e l&#8217;organizzazione di un processo senza intoppi, HAFNER EC dice: inizio della costruzione!<\/p>\n\t\t\t\t\t\t\t\t<\/div>\n\t\t\t\t<\/div>\n\t\t\t\t\t<\/div>\n\t\t<\/div>\n\t\t\t\t\t<\/div>\n\t\t<\/section>\n\t\t\t\t\t<\/div>\n\t\t<\/div>\n\t\t\t\t\t<\/div>\n\t\t<\/section>\n\t\t\t\t<section class=\"elementor-section elementor-top-section elementor-element elementor-element-666223fa elementor-section-boxed elementor-section-height-default elementor-section-height-default\" data-id=\"666223fa\" data-element_type=\"section\" data-e-type=\"section\">\n\t\t\t\t\t\t<div class=\"elementor-container elementor-column-gap-default\">\n\t\t\t\t\t<div class=\"elementor-column elementor-col-100 elementor-top-column elementor-element elementor-element-41e74bc3\" data-id=\"41e74bc3\" data-element_type=\"column\" data-e-type=\"column\">\n\t\t\t<div class=\"elementor-widget-wrap elementor-element-populated\">\n\t\t\t\t\t\t<div class=\"elementor-element elementor-element-6aa0a5d6 elementor-widget elementor-widget-heading\" data-id=\"6aa0a5d6\" data-element_type=\"widget\" data-e-type=\"widget\" data-widget_type=\"heading.default\">\n\t\t\t\t<div class=\"elementor-widget-container\">\n\t\t\t\t\t<h2 class=\"elementor-heading-title elementor-size-default\"><span class=\"first-word\">Avete<\/span> certe idee<\/h2>\t\t\t\t<\/div>\n\t\t\t\t<\/div>\n\t\t\t\t<div class=\"elementor-element elementor-element-4ccdca41 elementor-widget elementor-widget-heading\" data-id=\"4ccdca41\" data-element_type=\"widget\" data-e-type=\"widget\" data-widget_type=\"heading.default\">\n\t\t\t\t<div class=\"elementor-widget-container\">\n\t\t\t\t\t<h3 class=\"elementor-heading-title elementor-size-default\">della casa dei vostri sogni - o no?<\/h3>\t\t\t\t<\/div>\n\t\t\t\t<\/div>\n\t\t\t\t\t<\/div>\n\t\t<\/div>\n\t\t\t\t\t<\/div>\n\t\t<\/section>\n\t\t\t\t<\/div>\n\t\t","protected":false},"excerpt":{"rendered":"<p>Chi ben progetta \u00e8 a met\u00e0 dell&#8217;opera HAFNER EC &#8211; Pianificazione e sviluppo di progetti Una buona architettura pu\u00f2 essere creata solo in dialogo con il cliente. Quali sono le esigenze della nuova casa? Quanto \u00e8 grande lo spazio richiesto? La casa deve essere espandibile o divisibile in un secondo momento? \u00c8 necessario un ufficio [&hellip;]<\/p>\n","protected":false},"author":1,"featured_media":0,"parent":3698,"menu_order":5,"comment_status":"closed","ping_status":"closed","template":"","meta":{"footnotes":""},"class_list":["post-3749","page","type-page","status-publish","hentry"],"_links":{"self":[{"href":"https:\/\/hafner-ec.com\/it\/wp-json\/wp\/v2\/pages\/3749","targetHints":{"allow":["GET"]}}],"collection":[{"href":"https:\/\/hafner-ec.com\/it\/wp-json\/wp\/v2\/pages"}],"about":[{"href":"https:\/\/hafner-ec.com\/it\/wp-json\/wp\/v2\/types\/page"}],"author":[{"embeddable":true,"href":"https:\/\/hafner-ec.com\/it\/wp-json\/wp\/v2\/users\/1"}],"replies":[{"embeddable":true,"href":"https:\/\/hafner-ec.com\/it\/wp-json\/wp\/v2\/comments?post=3749"}],"version-history":[{"count":0,"href":"https:\/\/hafner-ec.com\/it\/wp-json\/wp\/v2\/pages\/3749\/revisions"}],"up":[{"embeddable":true,"href":"https:\/\/hafner-ec.com\/it\/wp-json\/wp\/v2\/pages\/3698"}],"wp:attachment":[{"href":"https:\/\/hafner-ec.com\/it\/wp-json\/wp\/v2\/media?parent=3749"}],"curies":[{"name":"wp","href":"https:\/\/api.w.org\/{rel}","templated":true}]}}