{"id":3964,"date":"2022-06-30T17:41:53","date_gmt":"2022-06-30T15:41:53","guid":{"rendered":"https:\/\/new.hafner-ec.com\/privacy-impronta\/"},"modified":"2025-04-02T19:14:41","modified_gmt":"2025-04-02T17:14:41","slug":"privacy-impronta","status":"publish","type":"page","link":"https:\/\/hafner-ec.com\/it\/privacy-impronta\/","title":{"rendered":"Privacy \/ Impronta"},"content":{"rendered":"\n<h1 class=\"wp-block-heading\">Avviso di responsabilit\u00e0<\/h1>\n\n<p>I marchi e le societ\u00e0 citati in questo sito sono di propriet\u00e0 dei rispettivi titolari.<\/p>\n\n<p>Questo sito web contiene link a siti web di terzi. Nonostante l&#8217;attento controllo dei contenuti, non ci si assume alcuna responsabilit\u00e0 per i contenuti dei siti web collegati. La responsabilit\u00e0 dei contenuti e del design \u00e8 esclusivamente dei rispettivi gestori.<\/p>\n\n<h1 class=\"wp-block-heading\">Protezione dei dati<\/h1>\n\n<p>1. persona responsabile<\/p>\n\n<p><strong>Hafner EC GmbH<\/strong><br\/>Sinich-Bach-Str. 60<br\/>I-39012 Merano (BZ), Alto Adige &#8211; Italia<br\/>Telefono: +39 0473 238 030<br\/>E-mail: <a>info@hafner-ec.com<\/a><br\/>Partita IVA: IT02706840218 <\/p>\n\n<hr class=\"wp-block-separator has-alpha-channel-opacity\"\/>\n\n<h3 class=\"wp-block-heading\">2. raccolta e conservazione dei dati personali e natura e finalit\u00e0 del loro utilizzo<\/h3>\n\n<h4 class=\"wp-block-heading\">a) Quando si visita il sito web<\/h4>\n\n<p>Quando visiti il nostro sito web, le informazioni vengono inviate automaticamente dal browser del tuo dispositivo al nostro server:<\/p>\n\n<ul class=\"wp-block-list\">\n<li>Indirizzo IP (abbreviato\/anonimizzato per Google Analytics)<\/li>\n\n\n\n<li>Data e ora<\/li>\n\n\n\n<li>Tipo di browser e sistema operativo<\/li>\n\n\n\n<li>URL di riferimento (pagina visitata in precedenza)<\/li>\n\n\n\n<li>sottopagine visitate<\/li>\n<\/ul>\n\n<p><strong>Scopo:<\/strong> Garantire la stabilit\u00e0 del funzionamento del sito e la sicurezza tecnica.<br\/><strong>Base giuridica:<\/strong> Art. 6 comma 1 lit. f GDPR (legittimo interesse)  <\/p>\n\n<h4 class=\"wp-block-heading\">b) Quando si utilizza il modulo di contatto<\/h4>\n\n<p>Quando ci contatti utilizzando il modulo, registriamo i tuoi dati:<\/p>\n\n<ul class=\"wp-block-list\">\n<li>Nome<\/li>\n\n\n\n<li>Indirizzo e-mail<\/li>\n\n\n\n<li>Numero di telefono (facoltativo)<\/li>\n\n\n\n<li>Il tuo messaggio<\/li>\n<\/ul>\n\n<p><strong>Scopo:<\/strong> Elaborare la tua richiesta di informazioni<br\/><strong>Base giuridica:<\/strong> Art. 6 par. 1 lit. b GDPR (misura precontrattuale)  <\/p>\n\n<hr class=\"wp-block-separator has-alpha-channel-opacity\"\/>\n\n<h3 class=\"wp-block-heading\">3. biscotti<\/h3>\n\n<p>Il nostro sito web utilizza i cookie per abilitare alcune funzioni e per analizzare l&#8217;utilizzo. Quando visiti il sito per la prima volta, appare un banner sui cookie in cui puoi gestire il tuo consenso. <\/p>\n\n<p><strong>Puoi revocare o modificare il tuo consenso in qualsiasi momento.<\/strong><\/p>\n\n<hr class=\"wp-block-separator has-alpha-channel-opacity\"\/>\n\n<h3 class=\"wp-block-heading\">4. utilizzo di Google Analytics<\/h3>\n\n<p>Questo sito web utilizza Google Analytics, un servizio di analisi web fornito da Google LLC (1600 Amphitheatre Parkway, Mountain View, CA 94043, USA).<\/p>\n\n<ul class=\"wp-block-list\">\n<li>L&#8217;anonimizzazione dell&#8217;IP \u00e8 attivata.<\/li>\n\n\n\n<li>L&#8217;analisi viene utilizzata per migliorare il sito web.<\/li>\n\n\n\n<li>Il trasferimento dei dati avviene sulla base del tuo consenso (Art. 6 comma 1 lit. a GDPR).<\/li>\n\n\n\n<li>I dati possono essere trasferiti negli Stati Uniti.<\/li>\n<\/ul>\n\n<p><strong>Opzione di opposizione:<\/strong><br\/>Puoi revocare il tuo consenso tramite il banner dei cookie o utilizzare il <a>componente aggiuntivo del browser di Google<\/a> per disattivarlo.<\/p>\n\n<hr class=\"wp-block-separator has-alpha-channel-opacity\"\/>\n\n<h3 class=\"wp-block-heading\">5. integrazione di Google Fonts<\/h3>\n\n<p>Il nostro sito web utilizza Google Fonts per la visualizzazione standardizzata dei caratteri. I font sono integrati localmente e non vengono trasferiti a Google. <\/p>\n\n<hr class=\"wp-block-separator has-alpha-channel-opacity\"\/>\n\n<h3 class=\"wp-block-heading\">6. reti sociali (linking)<\/h3>\n\n<p>I nostri profili sui social media sono collegati a:<\/p>\n\n<ul class=\"wp-block-list\">\n<li>Facebook<\/li>\n\n\n\n<li>Instagram<\/li>\n\n\n\n<li>LinkedIn<\/li>\n<\/ul>\n\n<p>Quando clicchi sui link, lasci il nostro sito web e si applicano le linee guida sulla protezione dei dati dei rispettivi provider. <strong>Non vi \u00e8 alcun trasferimento automatico di dati a queste reti<\/strong> quando si carica semplicemente la pagina. <\/p>\n\n<hr class=\"wp-block-separator has-alpha-channel-opacity\"\/>\n\n<h3 class=\"wp-block-heading\">7. hosting e web design<\/h3>\n\n<p>Il nostro sito web \u00e8 ospitato da un fornitore di servizi esterno (werbe-ass.it). Nel processo vengono elaborati i dati tecnici di accesso. Con il fornitore di hosting \u00e8 stato stipulato un contratto di elaborazione degli ordini (art. 28 GDPR).  <\/p>\n\n<hr class=\"wp-block-separator has-alpha-channel-opacity\"\/>\n\n<h3 class=\"wp-block-heading\">8. i tuoi diritti<\/h3>\n\n<p>Hai i seguenti diritti:<\/p>\n\n<ul class=\"wp-block-list\">\n<li>Informazioni (Art. 15 GDPR)<\/li>\n\n\n\n<li>Rettifica (Art. 16 GDPR)<\/li>\n\n\n\n<li>Cancellazione (Art. 17 GDPR)<\/li>\n\n\n\n<li>Limitazione del trattamento (Art. 18 GDPR)<\/li>\n\n\n\n<li>Portabilit\u00e0 dei dati (art. 20 GDPR)<\/li>\n\n\n\n<li>Opposizione al trattamento (Art. 21 GDPR)<\/li>\n\n\n\n<li>Reclamo all&#8217;autorit\u00e0 di protezione dei dati<\/li>\n<\/ul>\n\n<p><strong>Contatto per le richieste di informazioni:<\/strong> <a>info@hafner-ec.com<\/a><\/p>\n\n<hr class=\"wp-block-separator has-alpha-channel-opacity\"\/>\n\n<h3 class=\"wp-block-heading\">9. periodo di conservazione<\/h3>\n\n<p>I dati personali vengono conservati solo per il tempo necessario al rispettivo scopo o per gli obblighi di conservazione previsti dalla legge.<\/p>\n\n<hr class=\"wp-block-separator has-alpha-channel-opacity\"\/>\n\n<h3 class=\"wp-block-heading\">10. sicurezza dei dati<\/h3>\n\n<p>Utilizziamo misure di sicurezza tecniche e organizzative per proteggere i tuoi dati da perdite, manipolazioni o accessi non autorizzati. Le nostre misure di sicurezza vengono continuamente migliorate in linea con gli sviluppi tecnologici. <\/p>\n\n<hr class=\"wp-block-separator has-alpha-channel-opacity\"\/>\n\n<h3 class=\"wp-block-heading\">11. modifiche<\/h3>\n\n<p>La presente informativa sulla privacy pu\u00f2 essere aggiornata in caso di modifiche tecniche o emendamenti legali. La versione attuale \u00e8 sempre disponibile su questa pagina. <\/p>\n","protected":false},"excerpt":{"rendered":"<p>Avviso di responsabilit\u00e0 I marchi e le societ\u00e0 citati in questo sito sono di propriet\u00e0 dei rispettivi titolari. Questo sito web contiene link a siti web di terzi. Nonostante l&#8217;attento controllo dei contenuti, non ci si assume alcuna responsabilit\u00e0 per i contenuti dei siti web collegati. La responsabilit\u00e0 dei contenuti e del design \u00e8 esclusivamente [&hellip;]<\/p>\n","protected":false},"author":1,"featured_media":0,"parent":0,"menu_order":10,"comment_status":"closed","ping_status":"closed","template":"","meta":{"footnotes":""},"class_list":["post-3964","page","type-page","status-publish","hentry"],"_links":{"self":[{"href":"https:\/\/hafner-ec.com\/it\/wp-json\/wp\/v2\/pages\/3964","targetHints":{"allow":["GET"]}}],"collection":[{"href":"https:\/\/hafner-ec.com\/it\/wp-json\/wp\/v2\/pages"}],"about":[{"href":"https:\/\/hafner-ec.com\/it\/wp-json\/wp\/v2\/types\/page"}],"author":[{"embeddable":true,"href":"https:\/\/hafner-ec.com\/it\/wp-json\/wp\/v2\/users\/1"}],"replies":[{"embeddable":true,"href":"https:\/\/hafner-ec.com\/it\/wp-json\/wp\/v2\/comments?post=3964"}],"version-history":[{"count":0,"href":"https:\/\/hafner-ec.com\/it\/wp-json\/wp\/v2\/pages\/3964\/revisions"}],"wp:attachment":[{"href":"https:\/\/hafner-ec.com\/it\/wp-json\/wp\/v2\/media?parent=3964"}],"curies":[{"name":"wp","href":"https:\/\/api.w.org\/{rel}","templated":true}]}}